{"id":1318,"date":"2023-02-23T16:40:17","date_gmt":"2023-02-23T21:40:17","guid":{"rendered":"https:\/\/maxi.vivechia.com\/?post_type=product&#038;p=1318"},"modified":"2026-02-09T08:47:16","modified_gmt":"2026-02-09T13:47:16","slug":"coche-moises-small-negro","status":"publish","type":"product","link":"https:\/\/maxibaby.com.co\/index.php\/producto\/coche-moises-small-negro\/","title":{"rendered":"Coche Mois\u00e9s Small Negro"},"content":{"rendered":"<p>coche Mois\u00e9s de referencia\/\/ small !! RECUERDA CON LLANTA GRANDE!! Marca maxibaby<br \/>\nCoche Mois\u00e9s con graduaci\u00f3n en el descansapies , f\u00e1cil plegacion, cubrepies , amortiguador en sus llantas delanteras , manija y brazo de seguridad en cuero.<\/p>\n","protected":false},"excerpt":{"rendered":"<ul>\n<li>Coche Mois\u00e9s de con llanta grande<\/li>\n<li>Estructura dorada<\/li>\n<li>Manija y brazo de seguridad en cuero<\/li>\n<li>Mois\u00e9s reversible<\/li>\n<li>Amortiguador en sus llantas delanteras<\/li>\n<li>Cubrepies<\/li>\n<li>Portatetero<\/li>\n<\/ul>\n","protected":false},"featured_media":1973,"comment_status":"open","ping_status":"closed","template":"","meta":[],"product_brand":[],"product_cat":[38,18],"product_tag":[],"class_list":{"0":"post-1318","1":"product","2":"type-product","3":"status-publish","4":"has-post-thumbnail","6":"product_cat-coches","7":"product_cat-para-pasear","9":"first","10":"instock","11":"shipping-taxable","12":"purchasable","13":"product-type-simple"},"_links":{"self":[{"href":"https:\/\/maxibaby.com.co\/index.php\/wp-json\/wp\/v2\/product\/1318","targetHints":{"allow":["GET"]}}],"collection":[{"href":"https:\/\/maxibaby.com.co\/index.php\/wp-json\/wp\/v2\/product"}],"about":[{"href":"https:\/\/maxibaby.com.co\/index.php\/wp-json\/wp\/v2\/types\/product"}],"replies":[{"embeddable":true,"href":"https:\/\/maxibaby.com.co\/index.php\/wp-json\/wp\/v2\/comments?post=1318"}],"wp:featuredmedia":[{"embeddable":true,"href":"https:\/\/maxibaby.com.co\/index.php\/wp-json\/wp\/v2\/media\/1973"}],"wp:attachment":[{"href":"https:\/\/maxibaby.com.co\/index.php\/wp-json\/wp\/v2\/media?parent=1318"}],"wp:term":[{"taxonomy":"product_brand","embeddable":true,"href":"https:\/\/maxibaby.com.co\/index.php\/wp-json\/wp\/v2\/product_brand?post=1318"},{"taxonomy":"product_cat","embeddable":true,"href":"https:\/\/maxibaby.com.co\/index.php\/wp-json\/wp\/v2\/product_cat?post=1318"},{"taxonomy":"product_tag","embeddable":true,"href":"https:\/\/maxibaby.com.co\/index.php\/wp-json\/wp\/v2\/product_tag?post=1318"}],"curies":[{"name":"wp","href":"https:\/\/api.w.org\/{rel}","templated":true}]}}