{"id":1372,"date":"2023-03-02T17:16:45","date_gmt":"2023-03-02T22:16:45","guid":{"rendered":"https:\/\/maxi.vivechia.com\/?post_type=product&#038;p=1372"},"modified":"2023-12-04T10:51:34","modified_gmt":"2023-12-04T15:51:34","slug":"coche-premier-negro","status":"publish","type":"product","link":"https:\/\/maxibaby.com.co\/index.php\/producto\/coche-premier-negro\/","title":{"rendered":"Coche Premier Negro"},"content":{"rendered":"<p>Coche de lujo reversible, estructura m\u00e1s gruesa q los dem\u00e1s , descansapi\u00e9s graduable, doble acolchado, llantas en caucho comprimido, espaldar con posiciones de guaya, coche de f\u00e1cil plegacion y cerrado tipo huevo!!<\/p>\n","protected":false},"excerpt":{"rendered":"<ul>\n<li>Coche de lujo reversible<\/li>\n<li>Estructura m\u00e1s gruesa que los dem\u00e1s<\/li>\n<li>Descansa pi\u00e9s graduables<\/li>\n<li>Doble acolchado<\/li>\n<li>Llantas en caucho comprimido<\/li>\n<li>Espaldar con posiciones de guaya<\/li>\n<li>Coche de f\u00e1cil plegacion y cerrado tipo huevo!!<\/li>\n<li>4 colores<\/li>\n<li><\/li>\n<\/ul>\n","protected":false},"featured_media":1978,"comment_status":"open","ping_status":"closed","template":"","meta":[],"product_brand":[],"product_cat":[38,18],"product_tag":[],"class_list":{"0":"post-1372","1":"product","2":"type-product","3":"status-publish","4":"has-post-thumbnail","6":"product_cat-coches","7":"product_cat-para-pasear","9":"first","10":"instock","11":"shipping-taxable","12":"purchasable","13":"product-type-simple"},"_links":{"self":[{"href":"https:\/\/maxibaby.com.co\/index.php\/wp-json\/wp\/v2\/product\/1372","targetHints":{"allow":["GET"]}}],"collection":[{"href":"https:\/\/maxibaby.com.co\/index.php\/wp-json\/wp\/v2\/product"}],"about":[{"href":"https:\/\/maxibaby.com.co\/index.php\/wp-json\/wp\/v2\/types\/product"}],"replies":[{"embeddable":true,"href":"https:\/\/maxibaby.com.co\/index.php\/wp-json\/wp\/v2\/comments?post=1372"}],"wp:featuredmedia":[{"embeddable":true,"href":"https:\/\/maxibaby.com.co\/index.php\/wp-json\/wp\/v2\/media\/1978"}],"wp:attachment":[{"href":"https:\/\/maxibaby.com.co\/index.php\/wp-json\/wp\/v2\/media?parent=1372"}],"wp:term":[{"taxonomy":"product_brand","embeddable":true,"href":"https:\/\/maxibaby.com.co\/index.php\/wp-json\/wp\/v2\/product_brand?post=1372"},{"taxonomy":"product_cat","embeddable":true,"href":"https:\/\/maxibaby.com.co\/index.php\/wp-json\/wp\/v2\/product_cat?post=1372"},{"taxonomy":"product_tag","embeddable":true,"href":"https:\/\/maxibaby.com.co\/index.php\/wp-json\/wp\/v2\/product_tag?post=1372"}],"curies":[{"name":"wp","href":"https:\/\/api.w.org\/{rel}","templated":true}]}}