{"id":1394,"date":"2023-03-16T16:52:57","date_gmt":"2023-03-16T21:52:57","guid":{"rendered":"https:\/\/maxi.vivechia.com\/?post_type=product&#038;p=1394"},"modified":"2024-11-06T09:52:26","modified_gmt":"2024-11-06T14:52:26","slug":"coche-moises-britto-negro","status":"publish","type":"product","link":"https:\/\/maxibaby.com.co\/index.php\/producto\/coche-moises-britto-negro\/","title":{"rendered":"Coche Mois\u00e9s Britto Negro"},"content":{"rendered":"<p>Coche Mois\u00e9s con graduaci\u00f3n en la manija ,<br \/>\n5 accesorios ( portatetero, toldillo , forro pl\u00e1stico , bandeja comedor, cubrepies )<br \/>\nllanta en caucho comprimido ,<br \/>\namortiguaci\u00f3n ,<br \/>\ndescansa pies a escala sistema travel system para ir viendo el beb\u00e9!!<br \/>\n4 colores ! Negro , azul , rosado y beige!<\/p>\n","protected":false},"excerpt":{"rendered":"<ul>\n<li>Coche Mois\u00e9s con graduaci\u00f3n en la manija.<\/li>\n<li>5 accesorios ( portatetero, toldillo , forro pl\u00e1stico , bandeja comedor, cubrepies )<\/li>\n<li>Descansa pi\u00e9s graduables.<\/li>\n<li>Barra de seguridad.<\/li>\n<li>Doble acolchado.<\/li>\n<li>Llantas en caucho comprimido.<\/li>\n<li>4 colores Rosa, Beige, Azul y Negro.<\/li>\n<\/ul>\n","protected":false},"featured_media":2011,"comment_status":"open","ping_status":"closed","template":"","meta":[],"product_brand":[],"product_cat":[38,18],"product_tag":[],"class_list":{"0":"post-1394","1":"product","2":"type-product","3":"status-publish","4":"has-post-thumbnail","6":"product_cat-coches","7":"product_cat-para-pasear","9":"first","10":"instock","11":"shipping-taxable","12":"purchasable","13":"product-type-simple"},"_links":{"self":[{"href":"https:\/\/maxibaby.com.co\/index.php\/wp-json\/wp\/v2\/product\/1394","targetHints":{"allow":["GET"]}}],"collection":[{"href":"https:\/\/maxibaby.com.co\/index.php\/wp-json\/wp\/v2\/product"}],"about":[{"href":"https:\/\/maxibaby.com.co\/index.php\/wp-json\/wp\/v2\/types\/product"}],"replies":[{"embeddable":true,"href":"https:\/\/maxibaby.com.co\/index.php\/wp-json\/wp\/v2\/comments?post=1394"}],"wp:featuredmedia":[{"embeddable":true,"href":"https:\/\/maxibaby.com.co\/index.php\/wp-json\/wp\/v2\/media\/2011"}],"wp:attachment":[{"href":"https:\/\/maxibaby.com.co\/index.php\/wp-json\/wp\/v2\/media?parent=1394"}],"wp:term":[{"taxonomy":"product_brand","embeddable":true,"href":"https:\/\/maxibaby.com.co\/index.php\/wp-json\/wp\/v2\/product_brand?post=1394"},{"taxonomy":"product_cat","embeddable":true,"href":"https:\/\/maxibaby.com.co\/index.php\/wp-json\/wp\/v2\/product_cat?post=1394"},{"taxonomy":"product_tag","embeddable":true,"href":"https:\/\/maxibaby.com.co\/index.php\/wp-json\/wp\/v2\/product_tag?post=1394"}],"curies":[{"name":"wp","href":"https:\/\/api.w.org\/{rel}","templated":true}]}}