{"id":1407,"date":"2023-03-16T17:10:53","date_gmt":"2023-03-16T22:10:53","guid":{"rendered":"https:\/\/maxi.vivechia.com\/?post_type=product&#038;p=1407"},"modified":"2023-12-06T07:16:35","modified_gmt":"2023-12-06T12:16:35","slug":"carro-montable-burbuja-verde","status":"publish","type":"product","link":"https:\/\/maxibaby.com.co\/index.php\/producto\/carro-montable-burbuja-verde\/","title":{"rendered":"Carro Montable Burbuja Verde"},"content":{"rendered":"<p>Carro con gu\u00eda para llevar tu beb\u00e9 , sistema musical , luces , descansapi\u00e9s y brazo de seguridad !!<\/p>\n","protected":false},"excerpt":{"rendered":"<ul>\n<li>Carro con gu\u00eda<\/li>\n<li>M\u00fasica y luces<\/li>\n<li>Descansapi\u00e9s<\/li>\n<li>Brazo de seguridad<\/li>\n<\/ul>\n","protected":false},"featured_media":2227,"comment_status":"open","ping_status":"closed","template":"","meta":[],"product_brand":[],"product_cat":[41,23,18],"product_tag":[],"class_list":{"0":"post-1407","1":"product","2":"type-product","3":"status-publish","4":"has-post-thumbnail","6":"product_cat-montables","7":"product_cat-para-jugar","8":"product_cat-para-pasear","10":"first","11":"instock","12":"shipping-taxable","13":"purchasable","14":"product-type-simple"},"_links":{"self":[{"href":"https:\/\/maxibaby.com.co\/index.php\/wp-json\/wp\/v2\/product\/1407","targetHints":{"allow":["GET"]}}],"collection":[{"href":"https:\/\/maxibaby.com.co\/index.php\/wp-json\/wp\/v2\/product"}],"about":[{"href":"https:\/\/maxibaby.com.co\/index.php\/wp-json\/wp\/v2\/types\/product"}],"replies":[{"embeddable":true,"href":"https:\/\/maxibaby.com.co\/index.php\/wp-json\/wp\/v2\/comments?post=1407"}],"wp:featuredmedia":[{"embeddable":true,"href":"https:\/\/maxibaby.com.co\/index.php\/wp-json\/wp\/v2\/media\/2227"}],"wp:attachment":[{"href":"https:\/\/maxibaby.com.co\/index.php\/wp-json\/wp\/v2\/media?parent=1407"}],"wp:term":[{"taxonomy":"product_brand","embeddable":true,"href":"https:\/\/maxibaby.com.co\/index.php\/wp-json\/wp\/v2\/product_brand?post=1407"},{"taxonomy":"product_cat","embeddable":true,"href":"https:\/\/maxibaby.com.co\/index.php\/wp-json\/wp\/v2\/product_cat?post=1407"},{"taxonomy":"product_tag","embeddable":true,"href":"https:\/\/maxibaby.com.co\/index.php\/wp-json\/wp\/v2\/product_tag?post=1407"}],"curies":[{"name":"wp","href":"https:\/\/api.w.org\/{rel}","templated":true}]}}