{"id":1485,"date":"2023-05-12T13:39:31","date_gmt":"2023-05-12T18:39:31","guid":{"rendered":"https:\/\/maxi.vivechia.com\/?post_type=product&#038;p=1485"},"modified":"2025-11-01T09:40:46","modified_gmt":"2025-11-01T14:40:46","slug":"corral-campin-negro-blanco","status":"publish","type":"product","link":"https:\/\/maxibaby.com.co\/index.php\/producto\/corral-campin-negro-blanco\/","title":{"rendered":"Corral Campin Negro-Blanco"},"content":{"rendered":"<p>corral de referencia campin \ud83e\udd29<br \/>\n\u2705corral con 2 niveles<br \/>\n\u2705mecedoras<br \/>\n\u2705puerta de gateo \u2705vibraci\u00f3n , l\u00e1mpara , m\u00fasica<br \/>\n\u2705 Cambiador<br \/>\n\u2705Toldillo mosquetero<br \/>\n\u2705 4 colores<\/p>\n","protected":false},"excerpt":{"rendered":"<p>corral de referencia campin \ud83e\udd29<br \/>\n\u2705corral con 2 niveles<br \/>\n\u2705mecedoras<br \/>\n\u2705puerta de gateo \u2705vibraci\u00f3n , l\u00e1mpara , m\u00fasica<br \/>\n\u2705 Cambiador<br \/>\n\u2705Toldillo mosquetero<br \/>\n\u2705 4 colores<\/p>\n","protected":false},"featured_media":2021,"comment_status":"open","ping_status":"closed","template":"","meta":[],"product_brand":[],"product_cat":[36,21],"product_tag":[],"class_list":{"0":"post-1485","1":"product","2":"type-product","3":"status-publish","4":"has-post-thumbnail","6":"product_cat-corrales","7":"product_cat-para-dormir","9":"first","10":"instock","11":"shipping-taxable","12":"purchasable","13":"product-type-simple"},"_links":{"self":[{"href":"https:\/\/maxibaby.com.co\/index.php\/wp-json\/wp\/v2\/product\/1485","targetHints":{"allow":["GET"]}}],"collection":[{"href":"https:\/\/maxibaby.com.co\/index.php\/wp-json\/wp\/v2\/product"}],"about":[{"href":"https:\/\/maxibaby.com.co\/index.php\/wp-json\/wp\/v2\/types\/product"}],"replies":[{"embeddable":true,"href":"https:\/\/maxibaby.com.co\/index.php\/wp-json\/wp\/v2\/comments?post=1485"}],"wp:featuredmedia":[{"embeddable":true,"href":"https:\/\/maxibaby.com.co\/index.php\/wp-json\/wp\/v2\/media\/2021"}],"wp:attachment":[{"href":"https:\/\/maxibaby.com.co\/index.php\/wp-json\/wp\/v2\/media?parent=1485"}],"wp:term":[{"taxonomy":"product_brand","embeddable":true,"href":"https:\/\/maxibaby.com.co\/index.php\/wp-json\/wp\/v2\/product_brand?post=1485"},{"taxonomy":"product_cat","embeddable":true,"href":"https:\/\/maxibaby.com.co\/index.php\/wp-json\/wp\/v2\/product_cat?post=1485"},{"taxonomy":"product_tag","embeddable":true,"href":"https:\/\/maxibaby.com.co\/index.php\/wp-json\/wp\/v2\/product_tag?post=1485"}],"curies":[{"name":"wp","href":"https:\/\/api.w.org\/{rel}","templated":true}]}}