{"id":2164,"date":"2023-12-04T12:06:23","date_gmt":"2023-12-04T17:06:23","guid":{"rendered":"https:\/\/maxibaby.com.co\/?post_type=product&#038;p=2164"},"modified":"2024-11-06T09:51:57","modified_gmt":"2024-11-06T14:51:57","slug":"coche-moises-britto-azul","status":"publish","type":"product","link":"https:\/\/maxibaby.com.co\/index.php\/producto\/coche-moises-britto-azul\/","title":{"rendered":"Coche Mois\u00e9s Britto Azul"},"content":{"rendered":"<p>Coche Mois\u00e9s con graduaci\u00f3n en la manija ,<br \/>\n5 accesorios ( portatetero, toldillo , forro pl\u00e1stico , bandeja comedor, cubrepies )<br \/>\nllanta en caucho comprimido ,<br \/>\namortiguaci\u00f3n ,<br \/>\ndescansa pies a escala sistema travel system para ir viendo el beb\u00e9!!<br \/>\n4 colores ! Negro , azul , rosado y beige!<\/p>\n","protected":false},"excerpt":{"rendered":"<ul>\n<li>Coche Mois\u00e9s con graduaci\u00f3n en la manija.<\/li>\n<li>5 accesorios ( portatetero, toldillo , forro pl\u00e1stico , bandeja comedor, cubrepies )<\/li>\n<li>Descansa pi\u00e9s graduables.<\/li>\n<li>Barra de seguridad.<\/li>\n<li>Doble acolchado.<\/li>\n<li>Llantas en caucho comprimido.<\/li>\n<li>4 colores Rosa, Beige, Azul y Negro.<\/li>\n<\/ul>\n","protected":false},"featured_media":2165,"comment_status":"open","ping_status":"closed","template":"","meta":[],"product_brand":[],"product_cat":[38,18],"product_tag":[],"class_list":{"0":"post-2164","1":"product","2":"type-product","3":"status-publish","4":"has-post-thumbnail","6":"product_cat-coches","7":"product_cat-para-pasear","9":"first","10":"instock","11":"shipping-taxable","12":"purchasable","13":"product-type-simple"},"_links":{"self":[{"href":"https:\/\/maxibaby.com.co\/index.php\/wp-json\/wp\/v2\/product\/2164","targetHints":{"allow":["GET"]}}],"collection":[{"href":"https:\/\/maxibaby.com.co\/index.php\/wp-json\/wp\/v2\/product"}],"about":[{"href":"https:\/\/maxibaby.com.co\/index.php\/wp-json\/wp\/v2\/types\/product"}],"replies":[{"embeddable":true,"href":"https:\/\/maxibaby.com.co\/index.php\/wp-json\/wp\/v2\/comments?post=2164"}],"wp:featuredmedia":[{"embeddable":true,"href":"https:\/\/maxibaby.com.co\/index.php\/wp-json\/wp\/v2\/media\/2165"}],"wp:attachment":[{"href":"https:\/\/maxibaby.com.co\/index.php\/wp-json\/wp\/v2\/media?parent=2164"}],"wp:term":[{"taxonomy":"product_brand","embeddable":true,"href":"https:\/\/maxibaby.com.co\/index.php\/wp-json\/wp\/v2\/product_brand?post=2164"},{"taxonomy":"product_cat","embeddable":true,"href":"https:\/\/maxibaby.com.co\/index.php\/wp-json\/wp\/v2\/product_cat?post=2164"},{"taxonomy":"product_tag","embeddable":true,"href":"https:\/\/maxibaby.com.co\/index.php\/wp-json\/wp\/v2\/product_tag?post=2164"}],"curies":[{"name":"wp","href":"https:\/\/api.w.org\/{rel}","templated":true}]}}