{"id":2290,"date":"2024-10-23T10:01:04","date_gmt":"2024-10-23T15:01:04","guid":{"rendered":"https:\/\/maxibaby.com.co\/?post_type=product&#038;p=2290"},"modified":"2024-10-23T10:02:39","modified_gmt":"2024-10-23T15:02:39","slug":"corral-colecho-silver-negro-rosa","status":"publish","type":"product","link":"https:\/\/maxibaby.com.co\/index.php\/producto\/corral-colecho-silver-negro-rosa\/","title":{"rendered":"Corral Colecho Silver Negro-Rosa"},"content":{"rendered":"<p>\ud83e\udd29TELAS DE LUJO \ud83e\udd29 Y altos detalles de calidad en cada uno de sus terminados \ud83d\ude4f<\/p>\n<p>\u2705\u00danico Corral con 2 posiciones en el colecho<br \/>\n\u2705Toldillo alto<br \/>\n\u2705Mecedoras<br \/>\n\u2705vibraci\u00f3n, l\u00e1mpara, m\u00fasica<br \/>\n\u2705Dos niveles<br \/>\n\u2705Cambiador de lujo<br \/>\n\u2705Media Carpa gimnasio<br \/>\n\u2705Cosmetiquera<br \/>\n\u2705Correas de seguridad para asegurar a la cama<\/p>\n","protected":false},"excerpt":{"rendered":"<ul>\n<li>\ud83e\udd29TELAS DE LUJO \ud83e\udd29 Y altos detalles de calidad en cada uno de sus terminados \ud83d\ude4f\u2705\u00danico Corral con 2 posiciones en el colecho<br \/>\n\u2705Toldillo alto<br \/>\n\u2705Mecedoras<br \/>\n\u2705vibraci\u00f3n, l\u00e1mpara, m\u00fasica<br \/>\n\u2705Dos niveles<br \/>\n\u2705Cambiador de lujo<br \/>\n\u2705Media Carpa gimnasio<br \/>\n\u2705Cosmetiquera<br \/>\n\u2705Correas de seguridad para asegurar a la cama<\/li>\n<\/ul>\n","protected":false},"featured_media":2291,"comment_status":"open","ping_status":"closed","template":"","meta":[],"product_brand":[],"product_cat":[36,21],"product_tag":[],"class_list":{"0":"post-2290","1":"product","2":"type-product","3":"status-publish","4":"has-post-thumbnail","6":"product_cat-corrales","7":"product_cat-para-dormir","9":"first","10":"instock","11":"shipping-taxable","12":"purchasable","13":"product-type-simple"},"_links":{"self":[{"href":"https:\/\/maxibaby.com.co\/index.php\/wp-json\/wp\/v2\/product\/2290","targetHints":{"allow":["GET"]}}],"collection":[{"href":"https:\/\/maxibaby.com.co\/index.php\/wp-json\/wp\/v2\/product"}],"about":[{"href":"https:\/\/maxibaby.com.co\/index.php\/wp-json\/wp\/v2\/types\/product"}],"replies":[{"embeddable":true,"href":"https:\/\/maxibaby.com.co\/index.php\/wp-json\/wp\/v2\/comments?post=2290"}],"wp:featuredmedia":[{"embeddable":true,"href":"https:\/\/maxibaby.com.co\/index.php\/wp-json\/wp\/v2\/media\/2291"}],"wp:attachment":[{"href":"https:\/\/maxibaby.com.co\/index.php\/wp-json\/wp\/v2\/media?parent=2290"}],"wp:term":[{"taxonomy":"product_brand","embeddable":true,"href":"https:\/\/maxibaby.com.co\/index.php\/wp-json\/wp\/v2\/product_brand?post=2290"},{"taxonomy":"product_cat","embeddable":true,"href":"https:\/\/maxibaby.com.co\/index.php\/wp-json\/wp\/v2\/product_cat?post=2290"},{"taxonomy":"product_tag","embeddable":true,"href":"https:\/\/maxibaby.com.co\/index.php\/wp-json\/wp\/v2\/product_tag?post=2290"}],"curies":[{"name":"wp","href":"https:\/\/api.w.org\/{rel}","templated":true}]}}