{"id":2312,"date":"2024-10-30T07:37:58","date_gmt":"2024-10-30T12:37:58","guid":{"rendered":"https:\/\/maxibaby.com.co\/?post_type=product&#038;p=2312"},"modified":"2024-10-30T07:39:11","modified_gmt":"2024-10-30T12:39:11","slug":"coche-golden-rosa","status":"publish","type":"product","link":"https:\/\/maxibaby.com.co\/index.php\/producto\/coche-golden-rosa\/","title":{"rendered":"Coche Golden Rosa"},"content":{"rendered":"<p>coche referencia\/ GOLDEN!!<br \/>\nCoche de estructura grande, m\u00e1s amplio q los dem\u00e1s en su cama para comodidad del beb\u00e9 , capota stroller , cubrepies , descansapi\u00e9s graduable , telas 100% algod\u00f3n , manija reversible, doble amortiguaci\u00f3n!!<br \/>\n3 colores ( rosa \/ beige \/ negro)<\/p>\n","protected":false},"excerpt":{"rendered":"<ul>\n<li>Coche referencia\/ GOLDEN!!<br \/>\nCoche de estructura grande, m\u00e1s amplio q los dem\u00e1s en su cama para comodidad del beb\u00e9<\/li>\n<li>Capota stroller<\/li>\n<li>Cubrepies<\/li>\n<li>Descansapi\u00e9s graduable<\/li>\n<li>Telas 100% algod\u00f3n<\/li>\n<li>Manija reversible<\/li>\n<li>Doble amortiguaci\u00f3n!!<br \/>\n3 colores ( gris \/ beige \/ negro)<\/li>\n<\/ul>\n","protected":false},"featured_media":2313,"comment_status":"open","ping_status":"closed","template":"","meta":[],"product_brand":[],"product_cat":[38,18],"product_tag":[],"class_list":{"0":"post-2312","1":"product","2":"type-product","3":"status-publish","4":"has-post-thumbnail","6":"product_cat-coches","7":"product_cat-para-pasear","9":"first","10":"instock","11":"shipping-taxable","12":"purchasable","13":"product-type-simple"},"_links":{"self":[{"href":"https:\/\/maxibaby.com.co\/index.php\/wp-json\/wp\/v2\/product\/2312","targetHints":{"allow":["GET"]}}],"collection":[{"href":"https:\/\/maxibaby.com.co\/index.php\/wp-json\/wp\/v2\/product"}],"about":[{"href":"https:\/\/maxibaby.com.co\/index.php\/wp-json\/wp\/v2\/types\/product"}],"replies":[{"embeddable":true,"href":"https:\/\/maxibaby.com.co\/index.php\/wp-json\/wp\/v2\/comments?post=2312"}],"wp:featuredmedia":[{"embeddable":true,"href":"https:\/\/maxibaby.com.co\/index.php\/wp-json\/wp\/v2\/media\/2313"}],"wp:attachment":[{"href":"https:\/\/maxibaby.com.co\/index.php\/wp-json\/wp\/v2\/media?parent=2312"}],"wp:term":[{"taxonomy":"product_brand","embeddable":true,"href":"https:\/\/maxibaby.com.co\/index.php\/wp-json\/wp\/v2\/product_brand?post=2312"},{"taxonomy":"product_cat","embeddable":true,"href":"https:\/\/maxibaby.com.co\/index.php\/wp-json\/wp\/v2\/product_cat?post=2312"},{"taxonomy":"product_tag","embeddable":true,"href":"https:\/\/maxibaby.com.co\/index.php\/wp-json\/wp\/v2\/product_tag?post=2312"}],"curies":[{"name":"wp","href":"https:\/\/api.w.org\/{rel}","templated":true}]}}