{"id":2510,"date":"2024-12-17T19:43:39","date_gmt":"2024-12-18T00:43:39","guid":{"rendered":"https:\/\/maxibaby.com.co\/?post_type=product&#038;p=2510"},"modified":"2024-12-17T19:44:39","modified_gmt":"2024-12-18T00:44:39","slug":"corral-oxford-beige","status":"publish","type":"product","link":"https:\/\/maxibaby.com.co\/index.php\/producto\/corral-oxford-beige\/","title":{"rendered":"Corral Oxford Beige"},"content":{"rendered":"<p>CORRAL COLECHO \ud83e\udd73 referencia \/ OXFORD !<br \/>\n\u2705 corral colecho<br \/>\n\u2705Vibraci\u00f3n,l\u00e1mpara, m\u00fasica<br \/>\n\u2705Toldillo campin<br \/>\n\u2705Mecedoras<br \/>\n\u2705puerta de gateo<br \/>\n\u2705Dos niveles<br \/>\n\u2705Cambidor<br \/>\n\u2705Barra de gimnasio con mu\u00f1ecos en felpa !<\/p>\n<p>\u27054 Colores !<\/p>\n<p>&nbsp;<\/p>\n","protected":false},"excerpt":{"rendered":"<p>CORRAL COLECHO \ud83e\udd73 referencia \/ OXFORD !<br \/>\n\u2705 corral colecho<br \/>\n\u2705Vibraci\u00f3n,l\u00e1mpara, m\u00fasica<br \/>\n\u2705Toldillo campin<br \/>\n\u2705Mecedoras<br \/>\n\u2705puerta de gateo<br \/>\n\u2705Dos niveles<br \/>\n\u2705Cambidor<br \/>\n\u2705Barra de gimnasio con mu\u00f1ecos en felpa !<\/p>\n<p>\u27054 Colores !<\/p>\n","protected":false},"featured_media":2467,"comment_status":"open","ping_status":"closed","template":"","meta":[],"product_brand":[],"product_cat":[36,21],"product_tag":[],"class_list":{"0":"post-2510","1":"product","2":"type-product","3":"status-publish","4":"has-post-thumbnail","6":"product_cat-corrales","7":"product_cat-para-dormir","9":"first","10":"instock","11":"shipping-taxable","12":"purchasable","13":"product-type-simple"},"_links":{"self":[{"href":"https:\/\/maxibaby.com.co\/index.php\/wp-json\/wp\/v2\/product\/2510","targetHints":{"allow":["GET"]}}],"collection":[{"href":"https:\/\/maxibaby.com.co\/index.php\/wp-json\/wp\/v2\/product"}],"about":[{"href":"https:\/\/maxibaby.com.co\/index.php\/wp-json\/wp\/v2\/types\/product"}],"replies":[{"embeddable":true,"href":"https:\/\/maxibaby.com.co\/index.php\/wp-json\/wp\/v2\/comments?post=2510"}],"wp:featuredmedia":[{"embeddable":true,"href":"https:\/\/maxibaby.com.co\/index.php\/wp-json\/wp\/v2\/media\/2467"}],"wp:attachment":[{"href":"https:\/\/maxibaby.com.co\/index.php\/wp-json\/wp\/v2\/media?parent=2510"}],"wp:term":[{"taxonomy":"product_brand","embeddable":true,"href":"https:\/\/maxibaby.com.co\/index.php\/wp-json\/wp\/v2\/product_brand?post=2510"},{"taxonomy":"product_cat","embeddable":true,"href":"https:\/\/maxibaby.com.co\/index.php\/wp-json\/wp\/v2\/product_cat?post=2510"},{"taxonomy":"product_tag","embeddable":true,"href":"https:\/\/maxibaby.com.co\/index.php\/wp-json\/wp\/v2\/product_tag?post=2510"}],"curies":[{"name":"wp","href":"https:\/\/api.w.org\/{rel}","templated":true}]}}