{"id":2530,"date":"2025-02-27T07:58:13","date_gmt":"2025-02-27T12:58:13","guid":{"rendered":"https:\/\/maxibaby.com.co\/?post_type=product&#038;p=2530"},"modified":"2025-02-27T08:04:42","modified_gmt":"2025-02-27T13:04:42","slug":"silla-carro-first-negro-2","status":"publish","type":"product","link":"https:\/\/maxibaby.com.co\/index.php\/producto\/silla-carro-first-negro-2\/","title":{"rendered":"Silla Carro First Negro"},"content":{"rendered":"<p>\u2705Esta silla cuenta con base giratoria, para una c\u00f3moda instalaci\u00f3n y para facilitar poner a tu beb\u00e9 en la misma<br \/>\n\u2705cuenta con conexi\u00f3n ISOFIX y Top Tether.<br \/>\ndesde el nacimiento hasta los 12 a\u00f1os<br \/>\n\u27054 posiciones de reclinacion ajustables asi: 1 posici\u00f3n con vista hacia atr\u00e1s y 3 posiciones con vista al frente.<br \/>\n\u2705Cintur\u00f3n de seguridad de 5 Puntos<br \/>\n\u2705Material: Flat Fabric<br \/>\nComposicion: 100% Poliester<br \/>\n\u2705Peso Maximo que soporta: 36 kg<br \/>\n\u2705Altura Minima: 63 cms<br \/>\nAltura M\u00e1xima: 72 cms<br \/>\nAncho: 44 cms<br \/>\nFondo: 45 cms<br \/>\nPeso de la silla: 8.0 Kg.<\/p>\n","protected":false},"excerpt":{"rendered":"<p>\u2705Esta silla cuenta con base giratoria, para una c\u00f3moda instalaci\u00f3n y para facilitar poner a tu beb\u00e9 en la misma<br \/>\n\u2705cuenta con conexi\u00f3n ISOFIX y Top Tether.<br \/>\ndesde el nacimiento hasta los 12 a\u00f1os<br \/>\n\u27054 posiciones de reclinacion ajustables asi: 1 posici\u00f3n con vista hacia atr\u00e1s y 3 posiciones con vista al frente.<br \/>\n\u2705Cintur\u00f3n de seguridad de 5 Puntos<br \/>\n\u2705Material: Flat Fabric<br \/>\nComposicion: 100% Poliester<br \/>\n\u2705Peso Maximo que soporta: 36 kg<br \/>\n\u2705Altura Minima: 63 cms<br \/>\nAltura M\u00e1xima: 72 cms<br \/>\nAncho: 44 cms<br \/>\nFondo: 45 cms<br \/>\nPeso de la silla: 8.0 Kg.<\/p>\n","protected":false},"featured_media":2531,"comment_status":"open","ping_status":"closed","template":"","meta":[],"product_brand":[],"product_cat":[18,40],"product_tag":[],"class_list":{"0":"post-2530","1":"product","2":"type-product","3":"status-publish","4":"has-post-thumbnail","6":"product_cat-para-pasear","7":"product_cat-silla-carro","9":"first","10":"instock","11":"shipping-taxable","12":"purchasable","13":"product-type-simple"},"_links":{"self":[{"href":"https:\/\/maxibaby.com.co\/index.php\/wp-json\/wp\/v2\/product\/2530","targetHints":{"allow":["GET"]}}],"collection":[{"href":"https:\/\/maxibaby.com.co\/index.php\/wp-json\/wp\/v2\/product"}],"about":[{"href":"https:\/\/maxibaby.com.co\/index.php\/wp-json\/wp\/v2\/types\/product"}],"replies":[{"embeddable":true,"href":"https:\/\/maxibaby.com.co\/index.php\/wp-json\/wp\/v2\/comments?post=2530"}],"wp:featuredmedia":[{"embeddable":true,"href":"https:\/\/maxibaby.com.co\/index.php\/wp-json\/wp\/v2\/media\/2531"}],"wp:attachment":[{"href":"https:\/\/maxibaby.com.co\/index.php\/wp-json\/wp\/v2\/media?parent=2530"}],"wp:term":[{"taxonomy":"product_brand","embeddable":true,"href":"https:\/\/maxibaby.com.co\/index.php\/wp-json\/wp\/v2\/product_brand?post=2530"},{"taxonomy":"product_cat","embeddable":true,"href":"https:\/\/maxibaby.com.co\/index.php\/wp-json\/wp\/v2\/product_cat?post=2530"},{"taxonomy":"product_tag","embeddable":true,"href":"https:\/\/maxibaby.com.co\/index.php\/wp-json\/wp\/v2\/product_tag?post=2530"}],"curies":[{"name":"wp","href":"https:\/\/api.w.org\/{rel}","templated":true}]}}