{"id":2621,"date":"2025-10-08T07:55:06","date_gmt":"2025-10-08T12:55:06","guid":{"rendered":"https:\/\/maxibaby.com.co\/?post_type=product&#038;p=2621"},"modified":"2025-12-26T19:50:49","modified_gmt":"2025-12-27T00:50:49","slug":"silla-mecedora-electrica-gris-o","status":"publish","type":"product","link":"https:\/\/maxibaby.com.co\/index.php\/producto\/silla-mecedora-electrica-gris-o\/","title":{"rendered":"Silla mecedora  el\u00e9ctrica Gris O"},"content":{"rendered":"<p>\u2705con toldillo<br \/>\n\u2705doble colcha<br \/>\n\u2705 5 velocidades<br \/>\n\u2705m\u00fasica programada<br \/>\n\u2705control remoto<br \/>\n\u2705panel digital para su mejor funcionamiento<br \/>\n\u27053 posiciones en el espaldar<br \/>\n\u2705mu\u00f1ecos en felpa para estimulaci\u00f3n de tu beb\u00e9<br \/>\n\u2705bandeja comedor<br \/>\n\u2705separador de piernas<br \/>\n3 colores !<\/p>\n","protected":false},"excerpt":{"rendered":"<ul>\n<li>\u2705con toldillo<br \/>\n\u2705doble colcha<br \/>\n\u2705 5 velocidades<br \/>\n\u2705m\u00fasica programada<br \/>\n\u2705control remoto<br \/>\n\u2705panel digital para su mejor funcionamiento<br \/>\n\u27053 posiciones en el espaldar<br \/>\n\u2705mu\u00f1ecos en felpa para estimulaci\u00f3n de tu beb\u00e9<br \/>\n\u2705bandeja comedor<br \/>\n\u2705separador de piernas<br \/>\n3 colores !<\/li>\n<\/ul>\n","protected":false},"featured_media":2618,"comment_status":"open","ping_status":"closed","template":"","meta":[],"product_brand":[],"product_cat":[22,23],"product_tag":[],"class_list":{"0":"post-2621","1":"product","2":"type-product","3":"status-publish","4":"has-post-thumbnail","6":"product_cat-mecedoras","7":"product_cat-para-jugar","9":"first","10":"instock","11":"shipping-taxable","12":"purchasable","13":"product-type-simple"},"_links":{"self":[{"href":"https:\/\/maxibaby.com.co\/index.php\/wp-json\/wp\/v2\/product\/2621","targetHints":{"allow":["GET"]}}],"collection":[{"href":"https:\/\/maxibaby.com.co\/index.php\/wp-json\/wp\/v2\/product"}],"about":[{"href":"https:\/\/maxibaby.com.co\/index.php\/wp-json\/wp\/v2\/types\/product"}],"replies":[{"embeddable":true,"href":"https:\/\/maxibaby.com.co\/index.php\/wp-json\/wp\/v2\/comments?post=2621"}],"wp:featuredmedia":[{"embeddable":true,"href":"https:\/\/maxibaby.com.co\/index.php\/wp-json\/wp\/v2\/media\/2618"}],"wp:attachment":[{"href":"https:\/\/maxibaby.com.co\/index.php\/wp-json\/wp\/v2\/media?parent=2621"}],"wp:term":[{"taxonomy":"product_brand","embeddable":true,"href":"https:\/\/maxibaby.com.co\/index.php\/wp-json\/wp\/v2\/product_brand?post=2621"},{"taxonomy":"product_cat","embeddable":true,"href":"https:\/\/maxibaby.com.co\/index.php\/wp-json\/wp\/v2\/product_cat?post=2621"},{"taxonomy":"product_tag","embeddable":true,"href":"https:\/\/maxibaby.com.co\/index.php\/wp-json\/wp\/v2\/product_tag?post=2621"}],"curies":[{"name":"wp","href":"https:\/\/api.w.org\/{rel}","templated":true}]}}