{"id":2627,"date":"2025-10-20T14:30:17","date_gmt":"2025-10-20T19:30:17","guid":{"rendered":"https:\/\/maxibaby.com.co\/?post_type=product&#038;p=2627"},"modified":"2025-10-20T14:41:33","modified_gmt":"2025-10-20T19:41:33","slug":"coche-moises-yaco-rojo","status":"publish","type":"product","link":"https:\/\/maxibaby.com.co\/index.php\/producto\/coche-moises-yaco-rojo\/","title":{"rendered":"Coche Mois\u00e9s Yaco Rojo"},"content":{"rendered":"<ul>\n<li>\u00danico modelo con descansapi\u00e9s graduable<\/li>\n<li>\ud83d\ude1cTELAS TIPO CUERO para el blanco y el negro \ud83d\ude07<\/li>\n<li>Bolso grande para la mamita<\/li>\n<li>Cubrepies<\/li>\n<li>Amortiguaci\u00f3n en su estructura<\/li>\n<li>Manija con graduaci\u00f3n para personas m\u00e1s altas o m\u00e1s bajitas<\/li>\n<li>Sistema doble enganche en el Mois\u00e9s<\/li>\n<li>Portabebe con doble colcha<\/li>\n<li>Sirve de mecedora Antireflujo y silla de carro !!<\/li>\n<\/ul>\n","protected":false},"excerpt":{"rendered":"<ul>\n<li>\u00danico modelo con descansapi\u00e9s graduable<\/li>\n<li>\ud83d\ude1cTELAS TIPO CUERO para el blanco y el negro \ud83d\ude07<\/li>\n<li>Bolso grande para la mamita<\/li>\n<li>Cubrepies<\/li>\n<li>Amortiguaci\u00f3n en su estructura<\/li>\n<li>Manija con graduaci\u00f3n para personas m\u00e1s altas o m\u00e1s bajitas<\/li>\n<li>Sistema doble enganche en el Mois\u00e9s<\/li>\n<li>Portabebe con doble colcha<\/li>\n<li>Sirve de mecedora Antireflujo y silla de carro !!<\/li>\n<li><\/li>\n<\/ul>\n","protected":false},"featured_media":2626,"comment_status":"open","ping_status":"closed","template":"","meta":[],"product_brand":[],"product_cat":[38,18],"product_tag":[],"class_list":{"0":"post-2627","1":"product","2":"type-product","3":"status-publish","4":"has-post-thumbnail","6":"product_cat-coches","7":"product_cat-para-pasear","9":"first","10":"instock","11":"shipping-taxable","12":"purchasable","13":"product-type-simple"},"_links":{"self":[{"href":"https:\/\/maxibaby.com.co\/index.php\/wp-json\/wp\/v2\/product\/2627","targetHints":{"allow":["GET"]}}],"collection":[{"href":"https:\/\/maxibaby.com.co\/index.php\/wp-json\/wp\/v2\/product"}],"about":[{"href":"https:\/\/maxibaby.com.co\/index.php\/wp-json\/wp\/v2\/types\/product"}],"replies":[{"embeddable":true,"href":"https:\/\/maxibaby.com.co\/index.php\/wp-json\/wp\/v2\/comments?post=2627"}],"wp:featuredmedia":[{"embeddable":true,"href":"https:\/\/maxibaby.com.co\/index.php\/wp-json\/wp\/v2\/media\/2626"}],"wp:attachment":[{"href":"https:\/\/maxibaby.com.co\/index.php\/wp-json\/wp\/v2\/media?parent=2627"}],"wp:term":[{"taxonomy":"product_brand","embeddable":true,"href":"https:\/\/maxibaby.com.co\/index.php\/wp-json\/wp\/v2\/product_brand?post=2627"},{"taxonomy":"product_cat","embeddable":true,"href":"https:\/\/maxibaby.com.co\/index.php\/wp-json\/wp\/v2\/product_cat?post=2627"},{"taxonomy":"product_tag","embeddable":true,"href":"https:\/\/maxibaby.com.co\/index.php\/wp-json\/wp\/v2\/product_tag?post=2627"}],"curies":[{"name":"wp","href":"https:\/\/api.w.org\/{rel}","templated":true}]}}