{"id":2726,"date":"2025-12-03T07:29:56","date_gmt":"2025-12-03T12:29:56","guid":{"rendered":"https:\/\/maxibaby.com.co\/?post_type=product&#038;p=2726"},"modified":"2025-12-03T09:43:41","modified_gmt":"2025-12-03T14:43:41","slug":"cuatrimoto-con-guia-con-rojo","status":"publish","type":"product","link":"https:\/\/maxibaby.com.co\/index.php\/producto\/cuatrimoto-con-guia-con-rojo\/","title":{"rendered":"Cuatrimoto con gu\u00eda con Rojo"},"content":{"rendered":"<p>Cuatrimoto con gu\u00eda y bater\u00eda Recuerda Ahora viene con<\/p>\n<p>\u2705Direcci\u00f3n izquierda-derecha<br \/>\n\u2705Llanta toda en caucho<br \/>\n\u2705Control remoto<br \/>\n\u2705Guiador con direcci\u00f3n<br \/>\n\u2705Luces Led<br \/>\n\u2705Bluetooth<br \/>\n\u2705Usb<br \/>\n\u2705Capota y brazo de seguridad<br \/>\n\u2705Pintura metalizada<\/p>\n<p>\u26a0\ufe0f Pocas unidades<br \/>\nNo te quedes sin el tuyo\u203c\ufe0f<\/p>\n","protected":false},"excerpt":{"rendered":"<p>Cuatrimoto con gu\u00eda y bater\u00eda Recuerda Ahora viene con<\/p>\n<p>\u2705Direcci\u00f3n izquierda-derecha<br \/>\n\u2705Llanta toda en caucho<br \/>\n\u2705Control remoto<br \/>\n\u2705Guiador con direcci\u00f3n<br \/>\n\u2705Luces Led<br \/>\n\u2705Bluetooth<br \/>\n\u2705Usb<br \/>\n\u2705Capota y brazo de seguridad<br \/>\n\u2705Pintura metalizada<\/p>\n<p>\u26a0\ufe0f Pocas unidades<br \/>\nNo te quedes sin el tuyo\u203c\ufe0f<\/p>\n","protected":false},"featured_media":2722,"comment_status":"open","ping_status":"closed","template":"","meta":[],"product_brand":[],"product_cat":[41,18],"product_tag":[],"class_list":{"0":"post-2726","1":"product","2":"type-product","3":"status-publish","4":"has-post-thumbnail","6":"product_cat-montables","7":"product_cat-para-pasear","9":"first","10":"instock","11":"shipping-taxable","12":"purchasable","13":"product-type-simple"},"_links":{"self":[{"href":"https:\/\/maxibaby.com.co\/index.php\/wp-json\/wp\/v2\/product\/2726","targetHints":{"allow":["GET"]}}],"collection":[{"href":"https:\/\/maxibaby.com.co\/index.php\/wp-json\/wp\/v2\/product"}],"about":[{"href":"https:\/\/maxibaby.com.co\/index.php\/wp-json\/wp\/v2\/types\/product"}],"replies":[{"embeddable":true,"href":"https:\/\/maxibaby.com.co\/index.php\/wp-json\/wp\/v2\/comments?post=2726"}],"wp:featuredmedia":[{"embeddable":true,"href":"https:\/\/maxibaby.com.co\/index.php\/wp-json\/wp\/v2\/media\/2722"}],"wp:attachment":[{"href":"https:\/\/maxibaby.com.co\/index.php\/wp-json\/wp\/v2\/media?parent=2726"}],"wp:term":[{"taxonomy":"product_brand","embeddable":true,"href":"https:\/\/maxibaby.com.co\/index.php\/wp-json\/wp\/v2\/product_brand?post=2726"},{"taxonomy":"product_cat","embeddable":true,"href":"https:\/\/maxibaby.com.co\/index.php\/wp-json\/wp\/v2\/product_cat?post=2726"},{"taxonomy":"product_tag","embeddable":true,"href":"https:\/\/maxibaby.com.co\/index.php\/wp-json\/wp\/v2\/product_tag?post=2726"}],"curies":[{"name":"wp","href":"https:\/\/api.w.org\/{rel}","templated":true}]}}