{"id":2773,"date":"2025-12-11T13:16:40","date_gmt":"2025-12-11T18:16:40","guid":{"rendered":"https:\/\/maxibaby.com.co\/?post_type=product&#038;p=2773"},"modified":"2025-12-11T13:16:57","modified_gmt":"2025-12-11T18:16:57","slug":"colecho-electrico-delta-grafito","status":"publish","type":"product","link":"https:\/\/maxibaby.com.co\/index.php\/producto\/colecho-electrico-delta-grafito\/","title":{"rendered":"Colecho Electrico Delta Grafito"},"content":{"rendered":"<p>Nuestro nuevo colecho cuenta con un sistema de mecedora autom\u00e1tico \ud83d\ude33<\/p>\n<ul>\n<li>Control remoto para graduar las velocidades \ud83e\udd29<\/li>\n<li>Musica programada con melod\u00edas infantiles \ud83d\udc4c<\/li>\n<li>Media carpa con toldillo tipo mosquetero \ud83e\udef6<\/li>\n<li>Doble altura \ud83d\udc4f<\/li>\n<li>6 posiciones de altura \ud83d\ude0d<\/li>\n<li>Ruedas con sus respectivos frenos \ud83e\udd73<\/li>\n<li>Mu\u00f1ecos en felpa para la estimulaci\u00f3n de tu beb\u00e9 \u2705<\/li>\n<li>Organizador en la parte inferior y estabilizador para mayor seguridad<\/li>\n<\/ul>\n","protected":false},"excerpt":{"rendered":"<p>Nuestro nuevo colecho cuenta con un sistema de mecedora autom\u00e1tico \ud83d\ude33<\/p>\n<ul>\n<li>Control remoto para graduar las velocidades \ud83e\udd29<\/li>\n<li>Musica programada con melod\u00edas infantiles \ud83d\udc4c<\/li>\n<li>Media carpa con toldillo tipo mosquetero \ud83e\udef6<\/li>\n<li>Doble altura \ud83d\udc4f<\/li>\n<li>6 posiciones de altura \ud83d\ude0d<\/li>\n<li>Ruedas con sus respectivos frenos \ud83e\udd73<\/li>\n<li>Mu\u00f1ecos en felpa para la estimulaci\u00f3n de tu beb\u00e9 \u2705<\/li>\n<li>Organizador en la parte inferior y estabilizador para mayor seguridad<\/li>\n<\/ul>\n","protected":false},"featured_media":2775,"comment_status":"open","ping_status":"closed","template":"","meta":[],"product_brand":[],"product_cat":[36,21],"product_tag":[],"class_list":{"0":"post-2773","1":"product","2":"type-product","3":"status-publish","4":"has-post-thumbnail","6":"product_cat-corrales","7":"product_cat-para-dormir","9":"first","10":"instock","11":"shipping-taxable","12":"purchasable","13":"product-type-simple"},"_links":{"self":[{"href":"https:\/\/maxibaby.com.co\/index.php\/wp-json\/wp\/v2\/product\/2773","targetHints":{"allow":["GET"]}}],"collection":[{"href":"https:\/\/maxibaby.com.co\/index.php\/wp-json\/wp\/v2\/product"}],"about":[{"href":"https:\/\/maxibaby.com.co\/index.php\/wp-json\/wp\/v2\/types\/product"}],"replies":[{"embeddable":true,"href":"https:\/\/maxibaby.com.co\/index.php\/wp-json\/wp\/v2\/comments?post=2773"}],"wp:featuredmedia":[{"embeddable":true,"href":"https:\/\/maxibaby.com.co\/index.php\/wp-json\/wp\/v2\/media\/2775"}],"wp:attachment":[{"href":"https:\/\/maxibaby.com.co\/index.php\/wp-json\/wp\/v2\/media?parent=2773"}],"wp:term":[{"taxonomy":"product_brand","embeddable":true,"href":"https:\/\/maxibaby.com.co\/index.php\/wp-json\/wp\/v2\/product_brand?post=2773"},{"taxonomy":"product_cat","embeddable":true,"href":"https:\/\/maxibaby.com.co\/index.php\/wp-json\/wp\/v2\/product_cat?post=2773"},{"taxonomy":"product_tag","embeddable":true,"href":"https:\/\/maxibaby.com.co\/index.php\/wp-json\/wp\/v2\/product_tag?post=2773"}],"curies":[{"name":"wp","href":"https:\/\/api.w.org\/{rel}","templated":true}]}}