{"id":2906,"date":"2026-02-20T18:18:11","date_gmt":"2026-02-20T23:18:11","guid":{"rendered":"https:\/\/maxibaby.com.co\/?post_type=product&#038;p=2906"},"modified":"2026-02-20T18:23:46","modified_gmt":"2026-02-20T23:23:46","slug":"banera-portatil-rosa","status":"publish","type":"product","link":"https:\/\/maxibaby.com.co\/index.php\/producto\/banera-portatil-rosa\/","title":{"rendered":"Ba\u00f1era Portatil Rosa"},"content":{"rendered":"<p>NUEVO DISE\u00d1O DE BA\u00d1ERA PORTATIL<\/p>\n<p>\u2705Con Ducha<br \/>\n\u2705Termometro<br \/>\n\u2705Portajabonera<br \/>\n\u2705Nuevo antideslizante so sistema siliconado<br \/>\n\u2705V\u00e1lvula de desag\u00fce<\/p>\n<p>Ll\u00e9vala en sus 3 nuevos colores \ud83e\udd29<br \/>\nSomos antiespuma \ud83d\udeab<br \/>\nPara mayor higiene \ud83e\udd73<\/p>\n","protected":false},"excerpt":{"rendered":"<p>NUEVO DISE\u00d1O DE BA\u00d1ERA PORTATIL<\/p>\n<p>\u2705Con Ducha<br \/>\n\u2705Termometro<br \/>\n\u2705Portajabonera<br \/>\n\u2705Nuevo antideslizante so sistema siliconado<br \/>\n\u2705V\u00e1lvula de desag\u00fce<\/p>\n<p>Ll\u00e9vala en sus 3 nuevos colores \ud83e\udd29<br \/>\nSomos antiespuma \ud83d\udeab<br \/>\nPara mayor higiene \ud83e\udd73<\/p>\n","protected":false},"featured_media":2909,"comment_status":"open","ping_status":"closed","template":"","meta":[],"product_brand":[],"product_cat":[16,17],"product_tag":[27,28],"class_list":{"0":"post-2906","1":"product","2":"type-product","3":"status-publish","4":"has-post-thumbnail","6":"product_cat-baneras","7":"product_cat-para-el-bano","8":"product_tag-bano","9":"product_tag-tina","11":"first","12":"instock","13":"shipping-taxable","14":"purchasable","15":"product-type-simple"},"_links":{"self":[{"href":"https:\/\/maxibaby.com.co\/index.php\/wp-json\/wp\/v2\/product\/2906","targetHints":{"allow":["GET"]}}],"collection":[{"href":"https:\/\/maxibaby.com.co\/index.php\/wp-json\/wp\/v2\/product"}],"about":[{"href":"https:\/\/maxibaby.com.co\/index.php\/wp-json\/wp\/v2\/types\/product"}],"replies":[{"embeddable":true,"href":"https:\/\/maxibaby.com.co\/index.php\/wp-json\/wp\/v2\/comments?post=2906"}],"wp:featuredmedia":[{"embeddable":true,"href":"https:\/\/maxibaby.com.co\/index.php\/wp-json\/wp\/v2\/media\/2909"}],"wp:attachment":[{"href":"https:\/\/maxibaby.com.co\/index.php\/wp-json\/wp\/v2\/media?parent=2906"}],"wp:term":[{"taxonomy":"product_brand","embeddable":true,"href":"https:\/\/maxibaby.com.co\/index.php\/wp-json\/wp\/v2\/product_brand?post=2906"},{"taxonomy":"product_cat","embeddable":true,"href":"https:\/\/maxibaby.com.co\/index.php\/wp-json\/wp\/v2\/product_cat?post=2906"},{"taxonomy":"product_tag","embeddable":true,"href":"https:\/\/maxibaby.com.co\/index.php\/wp-json\/wp\/v2\/product_tag?post=2906"}],"curies":[{"name":"wp","href":"https:\/\/api.w.org\/{rel}","templated":true}]}}